{"id":12,"date":"2022-04-02T17:34:35","date_gmt":"2022-04-02T15:34:35","guid":{"rendered":"http:\/\/v13-rocktrip.fr\/?page_id=12"},"modified":"2026-04-14T17:52:30","modified_gmt":"2026-04-14T15:52:30","slug":"biographie","status":"publish","type":"page","link":"https:\/\/v13-rocktrip.fr\/","title":{"rendered":"BIOGRAPHIE"},"content":{"rendered":"\n<p>La L\u00e9gende raconte que V13 est n\u00e9 un Vendredi 13&#8230; Pascal le batteur, Jimmy &amp; Fred les guitaristes r\u00e9p\u00e8tent d\u00e9j\u00e0 ensemble depuis environ un an sans chanteur. Un vendredi soir, Sam d\u00e9barque au studio de r\u00e9p\u00e8te et c\u2019est la bonne rencontre assur\u00e9e. En 2020, c&rsquo;est David qui nous rejoint \u00e0 la basse avec ses bons riffs aux influences Hard\/Rock m\u00e9tal. L&rsquo;\u00e9quipe est au complet pour continuer \u00e0 sillonner les bars et festivals du Sud-Ouest !<\/p>\n\n\n\n<p>V13 c&rsquo;est un r\u00e9pertoire tr\u00e8s vari\u00e9, d\u2019un bon Rock\u2019N\u2019Roll de Chuck Berry \u00e0 un Hard-Rock de Trust. Depuis maintenant 10 ans, le groupe encha\u00eene les concerts et propose des reprises de AC\/DC, Dire Straits, T\u00e9l\u00e9phone, Rolling Stone, Pink Floyd, Trust et bien d&rsquo;autres groupes c\u00e9l\u00e8bres avec des standards que vous connaissez tous.<\/p>\n\n\n\n<p>N&rsquo;h\u00e9sitez pas \u00e0 nous contacter pour vos concerts, festivals, mariages, bar-mitsva et plus si affinit\u00e9s! <\/p>\n","protected":false},"excerpt":{"rendered":"<p>La L\u00e9gende raconte que V13 est n\u00e9 un Vendredi 13&#8230; Pascal le batteur, Jimmy &amp; Fred les guitaristes r\u00e9p\u00e8tent d\u00e9j\u00e0<\/p>\n<p><span class=\"more-link\"><a href=\"https:\/\/v13-rocktrip.fr\/\" class=\"readmore\">Continue reading<span class=\"screen-reader-text\">BIOGRAPHIE<\/span><\/a><\/span><\/p>\n","protected":false},"author":1,"featured_media":0,"parent":0,"menu_order":0,"comment_status":"closed","ping_status":"closed","template":"","meta":{"ngg_post_thumbnail":0,"footnotes":""},"class_list":["post-12","page","type-page","status-publish","hentry"],"_links":{"self":[{"href":"https:\/\/v13-rocktrip.fr\/index.php\/wp-json\/wp\/v2\/pages\/12","targetHints":{"allow":["GET"]}}],"collection":[{"href":"https:\/\/v13-rocktrip.fr\/index.php\/wp-json\/wp\/v2\/pages"}],"about":[{"href":"https:\/\/v13-rocktrip.fr\/index.php\/wp-json\/wp\/v2\/types\/page"}],"author":[{"embeddable":true,"href":"https:\/\/v13-rocktrip.fr\/index.php\/wp-json\/wp\/v2\/users\/1"}],"replies":[{"embeddable":true,"href":"https:\/\/v13-rocktrip.fr\/index.php\/wp-json\/wp\/v2\/comments?post=12"}],"version-history":[{"count":8,"href":"https:\/\/v13-rocktrip.fr\/index.php\/wp-json\/wp\/v2\/pages\/12\/revisions"}],"predecessor-version":[{"id":154,"href":"https:\/\/v13-rocktrip.fr\/index.php\/wp-json\/wp\/v2\/pages\/12\/revisions\/154"}],"wp:attachment":[{"href":"https:\/\/v13-rocktrip.fr\/index.php\/wp-json\/wp\/v2\/media?parent=12"}],"curies":[{"name":"wp","href":"https:\/\/api.w.org\/{rel}","templated":true}]}}